{"id":42,"date":"2018-01-05T14:26:00","date_gmt":"2018-01-05T14:26:00","guid":{"rendered":"http:\/\/lodziarnia.divininja.pl\/?page_id=42"},"modified":"2026-05-01T05:29:23","modified_gmt":"2026-05-01T05:29:23","slug":"home","status":"publish","type":"page","link":"http:\/\/lodziarniaulubiona.pl\/","title":{"rendered":"home"},"content":{"rendered":"<p>[et_pb_section fb_built=&#8221;1&#8243; background_color=&#8221;#ffffff&#8221; _builder_version=&#8221;3.0.93&#8243;][et_pb_row background_color=&#8221;#ffffff&#8221; _builder_version=&#8221;3.0.93&#8243; background_size=&#8221;initial&#8221; background_position=&#8221;top_left&#8221; background_repeat=&#8221;repeat&#8221;][et_pb_column type=&#8221;4_4&#8243; _builder_version=&#8221;3.0.47&#8243; parallax=&#8221;off&#8221; parallax_method=&#8221;on&#8221;][et_pb_image src=&#8221;http:\/\/lodziarniaulubiona.pl\/wp-content\/uploads\/2018\/01\/szyld-nowy-napis.jpg&#8221; _builder_version=&#8221;3.0.93&#8243;][\/et_pb_image][\/et_pb_column][\/et_pb_row][et_pb_row custom_margin=&#8221;|||&#8221; padding_top_2=&#8221;20px&#8221; _builder_version=&#8221;3.0.93&#8243;][et_pb_column type=&#8221;1_3&#8243; _builder_version=&#8221;3.0.47&#8243; parallax=&#8221;off&#8221; parallax_method=&#8221;on&#8221;][et_pb_image src=&#8221;http:\/\/lodziarniaulubiona.pl\/wp-content\/uploads\/2018\/01\/LODY-IIA-pop_clipped_rev_1.png&#8221; _builder_version=&#8221;3.0.93&#8243; custom_margin=&#8221;30px|||&#8221;][\/et_pb_image][\/et_pb_column][et_pb_column type=&#8221;2_3&#8243; _builder_version=&#8221;3.0.47&#8243; padding_top=&#8221;20px&#8221; parallax=&#8221;off&#8221; parallax_method=&#8221;on&#8221;][et_pb_text background_layout=&#8221;dark&#8221; _builder_version=&#8221;3.0.93&#8243; text_font=&#8221;Comfortaa||||||||&#8221; text_font_size=&#8221;16px&#8221; text_text_color=&#8221;#000000&#8243;]<\/p>\n<p style=\"text-align: justify;\"><strong>Idealne lody<\/strong> musz\u0105 wi\u0105za\u0107 si\u0119 z u\u017cyciem najlepszych ale r\u00f3wnie\u017c oryginalnych sk\u0142adnik\u00f3w wed\u0142ug sztuki\u00a0prawdziwej i niepowtarzalnej cukierni. Produkt, kt\u00f3ry stworzyli\u015bmy dla Pa\u0144stwa, jest wynikiem\u00a0ponad 20-letniego do\u015bwiadczenia popartego rzemie\u015blniczymi dyplomami zawodowymi.<\/p>\n<p style=\"text-align: justify;\"><strong>Wyrabiane codziennie ze \u015bwie\u017cych i naturalnych produkt\u00f3w<\/strong> takich jak mleko, \u015bmietanka, jaja,\u00a0czekolada, owoce, orzechy, zio\u0142a itp. charakteryzuj\u0105 si\u0119 \u015bwie\u017co\u015bci\u0105, znakomitym smakiem oraz\u00a0odpowiedni\u0105 konsystencj\u0105.<\/p>\n<p>[\/et_pb_text][\/et_pb_column][\/et_pb_row][et_pb_row custom_padding=&#8221;26px|0px|27px|0px&#8221; _builder_version=&#8221;3.0.93&#8243;][et_pb_column type=&#8221;4_4&#8243; _builder_version=&#8221;3.0.47&#8243; parallax=&#8221;off&#8221; parallax_method=&#8221;on&#8221;][et_pb_divider _builder_version=&#8221;3.0.93&#8243;][\/et_pb_divider][et_pb_text _builder_version=&#8221;3.0.93&#8243;]<\/p>\n<h3 style=\"text-align: center;\"><strong><span style=\"color: #ff0000;\">SEZON 2026 ROZPOCZ\u0118TY \ud83d\ude09 \u00a0<\/span><\/strong><\/h3>\n<p>[\/et_pb_text][\/et_pb_column][\/et_pb_row][et_pb_row custom_padding=&#8221;27px|0px|27px|0px&#8221; _builder_version=&#8221;3.0.93&#8243;][et_pb_column type=&#8221;4_4&#8243; _builder_version=&#8221;3.0.47&#8243; parallax=&#8221;off&#8221; parallax_method=&#8221;on&#8221;][et_pb_text _builder_version=&#8221;3.0.93&#8243; text_font_size=&#8221;19px&#8221; text_text_color=&#8221;#000000&#8243; text_letter_spacing=&#8221;11px&#8221; header_font_size=&#8221;33px&#8221;]<\/p>\n<p style=\"text-align: center;\">NASZE LOKALIZACJE:<\/p>\n<p>[\/et_pb_text][\/et_pb_column][\/et_pb_row][et_pb_row use_custom_gutter=&#8221;on&#8221; gutter_width=&#8221;2&#8243; custom_margin=&#8221;30px|||&#8221; make_equal=&#8221;on&#8221; _builder_version=&#8221;3.0.93&#8243;][et_pb_column type=&#8221;1_3&#8243; _builder_version=&#8221;3.0.47&#8243; parallax=&#8221;off&#8221; parallax_method=&#8221;on&#8221;][et_pb_text _builder_version=&#8221;3.0.93&#8243; text_font=&#8221;Raleway||||||||&#8221; text_text_color=&#8221;#f24400&#8243; text_letter_spacing=&#8221;1px&#8221; text_orientation=&#8221;center&#8221;]<\/p>\n<h5><span style=\"color: #f24400;\"><strong>KOBY\u0141KA<\/strong><\/span><br \/>\n<span style=\"color: #f24400;\"> ul. Ks. Marmo 31<\/span><\/h5>\n<h5><\/h5>\n<p>[\/et_pb_text][et_pb_image src=&#8221;http:\/\/lodziarniaulubiona.pl\/wp-content\/uploads\/2025\/05\/OIP.jpg&#8221; url=&#8221;https:\/\/maps.app.goo.gl\/uu2SCLyxDJxwMPXE7&#8243; align=&#8221;center&#8221; _builder_version=&#8221;3.0.93&#8243; max_width=&#8221;20%&#8221;][\/et_pb_image][et_pb_text _builder_version=&#8221;3.0.93&#8243; text_text_color=&#8221;#f24400&#8243;]<\/p>\n<p style=\"text-align: center;\"><strong><span style=\"font-size: 12pt;\">GODZINY OTWARCIA<\/span><\/strong><\/p>\n<p style=\"text-align: center;\"><span style=\"font-size: 12pt;\">PONIEDZIA\u0141EK \u2013 PI\u0104TEK<\/span><\/p>\n<p style=\"text-align: center;\"><span style=\"font-size: 12pt; background-color: #ffffff;\">11:00 &#8211; 19:00<\/span><\/p>\n<p style=\"text-align: center;\"><span style=\"font-size: 12pt; background-color: #ffffff;\">SOBOTA \u2013 NIEDZIELA<\/span><\/p>\n<p style=\"text-align: center;\"><span style=\"font-size: medium;\">11:00 &#8211; 20:00<\/span><\/p>\n<p>[\/et_pb_text][et_pb_divider _builder_version=&#8221;3.0.93&#8243;][\/et_pb_divider][et_pb_text _builder_version=&#8221;3.0.93&#8243; text_font=&#8221;Raleway||||||||&#8221; text_text_color=&#8221;#f24400&#8243; text_letter_spacing=&#8221;1px&#8221; text_orientation=&#8221;center&#8221;]<\/p>\n<h5 style=\"text-align: center;\"><span style=\"color: #000080;\"><strong>WARSZAWA<\/strong><\/span><br \/>\n<span style=\"color: #000080;\"> ul. Czarodzieja 2<\/span><\/h5>\n<p>[\/et_pb_text][et_pb_image src=&#8221;http:\/\/lodziarniaulubiona.pl\/wp-content\/uploads\/2025\/05\/OIP.jpg&#8221; url=&#8221;https:\/\/maps.app.goo.gl\/QnaZ5oEoudg9ibmd9&#8243; align=&#8221;center&#8221; _builder_version=&#8221;3.0.93&#8243; max_width=&#8221;20%&#8221;][\/et_pb_image][et_pb_text _builder_version=&#8221;3.0.93&#8243;]<\/p>\n<p style=\"text-align: center;\"><span style=\"color: #000080;\"><strong><span style=\"font-size: 12pt;\">GODZINY OTWARCIA<\/span><\/strong><\/span><\/p>\n<p style=\"text-align: center;\"><span style=\"font-size: 12pt; color: #000080;\">PONIEDZIA\u0141EK \u2013 PI\u0104TEK<\/span><\/p>\n<p style=\"text-align: center;\"><span style=\"color: #000080; font-size: 12pt;\">12:00 &#8211; 19:00<\/span><\/p>\n<p style=\"text-align: center;\"><span style=\"color: #000080; font-size: 12pt;\">SOBOTA \u2013 NIEDZIELA<\/span><\/p>\n<p style=\"text-align: center;\">11:00 &#8211; 19:00<\/p>\n<p>[\/et_pb_text][et_pb_divider _builder_version=&#8221;3.0.93&#8243;][\/et_pb_divider][et_pb_text _builder_version=&#8221;3.0.93&#8243; text_font=&#8221;Raleway||||||||&#8221; text_text_color=&#8221;#0089b6&#8243; text_letter_spacing=&#8221;1px&#8221; text_orientation=&#8221;center&#8221;]<\/p>\n<h5><span style=\"color: #00ccff;\"><strong>ZIELONKA<\/strong><\/span><br \/>\n<span style=\"color: #00ccff;\"> ul. Wolno\u015bci 2<\/span><\/h5>\n<p>[\/et_pb_text][et_pb_image src=&#8221;http:\/\/lodziarniaulubiona.pl\/wp-content\/uploads\/2025\/05\/OIP.jpg&#8221; url=&#8221;https:\/\/maps.app.goo.gl\/RKbFmL9CWZLMQfth8&#8243; align=&#8221;center&#8221; _builder_version=&#8221;3.0.93&#8243; max_width=&#8221;20%&#8221;][\/et_pb_image][et_pb_text _builder_version=&#8221;3.0.93&#8243; text_text_color=&#8221;#00ccff&#8221;]<\/p>\n<p style=\"text-align: center;\"><span style=\"font-size: 12pt;\"><strong>GODZINY OTWARCIA:<\/strong><\/span><\/p>\n<p style=\"text-align: center;\"><span style=\"font-size: 12pt;\">PONIEDZIA\u0141EK &#8211; PI\u0104TEK<\/span><\/p>\n<p style=\"text-align: center;\"><span style=\"font-size: 12pt; background-color: #ffffff;\">NIECZYNNE<\/span><\/p>\n<p style=\"text-align: center;\"><span style=\"font-size: 12pt; background-color: #ffffff;\">SOBOTA &#8211; NIEDZIELA\u00a0<\/span><\/p>\n<p style=\"text-align: center;\"><span style=\"font-size: 12pt;\">11:00 &#8211; 19:00<\/span><\/p>\n<p>[\/et_pb_text][et_pb_divider _builder_version=&#8221;3.0.93&#8243;][\/et_pb_divider][\/et_pb_column][et_pb_column type=&#8221;1_3&#8243; _builder_version=&#8221;3.0.47&#8243; parallax=&#8221;off&#8221; parallax_method=&#8221;on&#8221;][et_pb_text _builder_version=&#8221;3.0.93&#8243; text_font=&#8221;Raleway||||||||&#8221; text_font_size=&#8221;15px&#8221; text_text_color=&#8221;#be26e0&#8243;]<\/p>\n<h5 style=\"text-align: center;\"><span style=\"color: #be26e0;\"><strong>RADZYMIN<\/strong><\/span><br \/>\n<span style=\"color: #be26e0;\">ul. Gen. Lucjana<\/span><br \/>\n<span style=\"color: #be26e0;\">\u017beligowskiego 2\/4<\/span><span style=\"color: #99cc00;\"><br \/>\n<\/span><\/h5>\n<p>[\/et_pb_text][et_pb_image src=&#8221;http:\/\/lodziarniaulubiona.pl\/wp-content\/uploads\/2025\/05\/OIP.jpg&#8221; url=&#8221;https:\/\/maps.app.goo.gl\/nFrf1Fwqr6LV6dAU6&#8243; align=&#8221;center&#8221; _builder_version=&#8221;3.0.93&#8243; max_width=&#8221;20%&#8221;][\/et_pb_image][et_pb_text _builder_version=&#8221;3.0.93&#8243; text_text_color=&#8221;#be26e0&#8243;]<\/p>\n<p style=\"text-align: center;\"><strong><span style=\"font-size: 12pt;\">GODZINY OTWARCIA<\/span><\/strong><\/p>\n<p style=\"text-align: center;\"><span style=\"font-size: 12pt;\">PONIEDZIA\u0141EK \u2013 PI\u0104TEK<\/span><\/p>\n<p style=\"text-align: center;\"><strong>12:00 &#8211; 19:00<\/strong><\/p>\n<p style=\"text-align: center;\"><span style=\"font-size: 12pt;\">SOBOTA \u2013 NIEDZIELA<\/span><\/p>\n<p style=\"text-align: center;\"><strong>11:00 &#8211; 19:00<\/strong><\/p>\n<p>[\/et_pb_text][et_pb_divider _builder_version=&#8221;3.0.93&#8243;][\/et_pb_divider][et_pb_text _builder_version=&#8221;3.0.93&#8243; text_font=&#8221;Raleway||||||||&#8221; text_letter_spacing=&#8221;1px&#8221; text_orientation=&#8221;center&#8221;]<\/p>\n<h5 style=\"text-align: center;\"><span style=\"color: #008080;\"><strong>WARSZAWA<\/strong><\/span><br \/>\n<span style=\"color: #f24400;\"><span style=\"color: #008080;\"> ul. Chodecka 6a<\/span><br \/>\n<\/span><\/h5>\n<p>[\/et_pb_text][et_pb_image src=&#8221;http:\/\/lodziarniaulubiona.pl\/wp-content\/uploads\/2025\/05\/OIP.jpg&#8221; url=&#8221;https:\/\/maps.app.goo.gl\/V3bBxB2oTMTwbFih6&#8243; align=&#8221;center&#8221; _builder_version=&#8221;3.0.93&#8243; max_width=&#8221;20%&#8221;][\/et_pb_image][et_pb_text _builder_version=&#8221;3.0.93&#8243; text_text_color=&#8221;#00ccff&#8221;]<\/p>\n<p style=\"text-align: center;\"><span style=\"font-size: 12pt; color: #008080;\"><strong>GODZINY OTWARCIA:<\/strong><\/span><\/p>\n<p style=\"text-align: center;\"><span style=\"font-size: 12pt; color: #008080;\">PONIEDZIA\u0141EK &#8211; PI\u0104TEK<\/span><\/p>\n<p style=\"text-align: center;\"><span style=\"color: #008080; font-size: 12pt;\">12:00 &#8211; 19:00<\/span><\/p>\n<p style=\"text-align: center;\"><span style=\"color: #008080; font-size: 12pt;\">SOBOTA &#8211; NIEDZIELA\u00a0<\/span><\/p>\n<p style=\"text-align: center;\"><span style=\"color: #008080; font-size: 12pt;\">11:00 &#8211; 19:00<\/span><\/p>\n<p>[\/et_pb_text][et_pb_divider _builder_version=&#8221;3.0.93&#8243;][\/et_pb_divider][et_pb_text _builder_version=&#8221;3.0.93&#8243; text_font=&#8221;Raleway||||||||&#8221; text_text_color=&#8221;#f24400&#8243; text_letter_spacing=&#8221;1px&#8221; text_orientation=&#8221;center&#8221;]<\/p>\n<h5><span style=\"color: #808000;\"><strong>MARKI<\/strong><\/span><br \/>\n<span style=\"color: #f24400;\"><span style=\"color: #808000;\"> ul. Gen. J\u00f3zefa Zaj\u0105czka 7<\/span><br \/>\n<\/span><\/h5>\n<p>[\/et_pb_text][et_pb_image src=&#8221;http:\/\/lodziarniaulubiona.pl\/wp-content\/uploads\/2025\/05\/OIP.jpg&#8221; url=&#8221;https:\/\/maps.app.goo.gl\/nFrf1Fwqr6LV6dAU6&#8243; align=&#8221;center&#8221; _builder_version=&#8221;3.0.93&#8243; max_width=&#8221;20%&#8221;][\/et_pb_image][et_pb_text _builder_version=&#8221;3.0.93&#8243; text_text_color=&#8221;#00ccff&#8221;]<\/p>\n<p style=\"text-align: center;\"><span style=\"font-size: 12pt; color: #808000;\"><strong>GODZINY OTWARCIA:<\/strong><\/span><\/p>\n<p style=\"text-align: center;\"><span style=\"font-size: 12pt; color: #808000;\">PONIEDZIA\u0141EK &#8211; PI\u0104TEK<\/span><\/p>\n<p style=\"text-align: center;\"><span style=\"color: #808000; font-size: 12pt; background-color: #ffffff;\">11:00 &#8211; 19:00<\/span><\/p>\n<p style=\"text-align: center;\"><span style=\"color: #808000; font-size: 12pt; background-color: #ffffff;\">SOBOTA &#8211; NIEDZIELA\u00a0<\/span><\/p>\n<p style=\"text-align: center;\"><span style=\"color: #808000; font-size: 12pt;\">11:00 &#8211; 19:00<\/span><\/p>\n<p>[\/et_pb_text][et_pb_divider _builder_version=&#8221;3.0.93&#8243;][\/et_pb_divider][\/et_pb_column][et_pb_column type=&#8221;1_3&#8243; _builder_version=&#8221;3.0.47&#8243; parallax=&#8221;off&#8221; parallax_method=&#8221;on&#8221;][et_pb_text _builder_version=&#8221;3.0.93&#8243; text_font=&#8221;Raleway||||||||&#8221; text_font_size=&#8221;15px&#8221; text_text_color=&#8221;#7cda24&#8243;]<\/p>\n<h5 style=\"text-align: center;\"><span style=\"color: #99cc00;\"><strong>WO\u0141OMIN<\/strong><\/span><br \/>\n<span style=\"color: #99cc00;\">ul. Pi\u0142sudskiego 18<\/span><br \/>\n<span style=\"color: #99cc00;\">(wej\u015bcie od Armii Krajowej)<\/span><\/h5>\n<p>[\/et_pb_text][et_pb_image src=&#8221;http:\/\/lodziarniaulubiona.pl\/wp-content\/uploads\/2025\/05\/OIP.jpg&#8221; url=&#8221;https:\/\/maps.app.goo.gl\/p74Kh8R7s5c7sEk8A&#8221; align=&#8221;center&#8221; _builder_version=&#8221;3.0.93&#8243; max_width=&#8221;20%&#8221;][\/et_pb_image][et_pb_text _builder_version=&#8221;3.0.93&#8243; text_text_color=&#8221;#7cda24&#8243;]<\/p>\n<p style=\"text-align: center;\"><strong><span style=\"font-size: 12pt;\">GODZINY OTWARCIA<\/span><\/strong><\/p>\n<p style=\"text-align: center;\"><span style=\"font-size: 12pt;\">PONIEDZIA\u0141EK &#8211; PI\u0104TEK<\/span><\/p>\n<p style=\"text-align: center;\"><span style=\"font-size: 12pt;\">11:00 &#8211; 19:00<\/span><\/p>\n<p style=\"text-align: center;\"><span style=\"font-size: 12pt;\">SOBOTA \u2013 NIEDZIELA<\/span><\/p>\n<p style=\"text-align: center;\"><span style=\"font-size: 12pt;\">11:00 &#8211; 19:00<\/span><\/p>\n<p>[\/et_pb_text][et_pb_divider _builder_version=&#8221;3.0.93&#8243;][\/et_pb_divider][et_pb_text _builder_version=&#8221;3.0.93&#8243; text_font=&#8221;Raleway||||||||&#8221; text_text_color=&#8221;#f24400&#8243; text_letter_spacing=&#8221;1px&#8221; text_orientation=&#8221;center&#8221;]<\/p>\n<h5 style=\"text-align: center;\"><span style=\"color: #ff0000;\"><strong>WO\u0141OMIN<\/strong><\/span><br \/>\n<span style=\"color: #f24400;\"><span style=\"color: #ff0000; font-size: 12pt;\"> ul. Ko\u015bcielna 63<\/span><br \/>\n<\/span><\/h5>\n<p>[\/et_pb_text][et_pb_image src=&#8221;http:\/\/lodziarniaulubiona.pl\/wp-content\/uploads\/2025\/05\/OIP.jpg&#8221; url=&#8221;https:\/\/maps.app.goo.gl\/qQ6bHRGsWfwk9tvp9&#8243; align=&#8221;center&#8221; _builder_version=&#8221;3.0.93&#8243; max_width=&#8221;20%&#8221;][\/et_pb_image][et_pb_text _builder_version=&#8221;3.0.93&#8243; text_text_color=&#8221;#00ccff&#8221;]<\/p>\n<p style=\"text-align: center;\"><span style=\"font-size: 12pt; color: #ff0000;\"><strong>GODZINY OTWARCIA:<\/strong><\/span><\/p>\n<p style=\"text-align: center;\"><span style=\"font-size: 12pt; color: #ff0000;\">PONIEDZIA\u0141EK &#8211; PI\u0104TEK<\/span><\/p>\n<p style=\"text-align: center;\"><span style=\"color: #ff0000; font-size: 12pt; background-color: #ffffff;\">11:00 &#8211; 19:00<\/span><\/p>\n<p style=\"text-align: center;\"><span style=\"color: #ff0000; font-size: 12pt; background-color: #ffffff;\">SOBOTA \/ NIEDZIELA\u00a0<\/span><\/p>\n<p style=\"text-align: center;\"><span style=\"color: #ff0000; font-size: 12pt;\">11:00 &#8211; 19:00<br \/> <\/span><\/p>\n<p>[\/et_pb_text][et_pb_divider _builder_version=&#8221;3.0.93&#8243;][\/et_pb_divider][\/et_pb_column][\/et_pb_row][et_pb_row custom_padding=&#8221;27px|0px|27px|0px&#8221; _builder_version=&#8221;3.0.93&#8243;][et_pb_column type=&#8221;4_4&#8243; _builder_version=&#8221;3.0.47&#8243; parallax=&#8221;off&#8221; parallax_method=&#8221;on&#8221;][et_pb_text _builder_version=&#8221;3.0.93&#8243; text_text_color=&#8221;#000000&#8243; text_letter_spacing=&#8221;2px&#8221; header_font_size=&#8221;33px&#8221;]<\/p>\n<p style=\"text-align: center;\"><strong>Kontakt: biuro@lodziarniaulubiona.pl<\/strong><\/p>\n<p>[\/et_pb_text][\/et_pb_column][\/et_pb_row][et_pb_row use_custom_gutter=&#8221;on&#8221; gutter_width=&#8221;2&#8243; _builder_version=&#8221;3.0.93&#8243;][et_pb_column type=&#8221;1_4&#8243; _builder_version=&#8221;3.0.47&#8243; parallax=&#8221;off&#8221; parallax_method=&#8221;on&#8221;][et_pb_image src=&#8221;http:\/\/lodziarniaulubiona.pl\/wp-content\/uploads\/2018\/01\/PicMonkey-Collage.jpg&#8221; _builder_version=&#8221;3.0.93&#8243;][\/et_pb_image][\/et_pb_column][et_pb_column type=&#8221;1_4&#8243; _builder_version=&#8221;3.0.47&#8243; parallax=&#8221;off&#8221; parallax_method=&#8221;on&#8221;][et_pb_image src=&#8221;http:\/\/lodziarniaulubiona.pl\/wp-content\/uploads\/2018\/01\/20155587_733593270156817_4851590858794370615_n.jpg&#8221; _builder_version=&#8221;3.0.93&#8243;][\/et_pb_image][\/et_pb_column][et_pb_column type=&#8221;1_4&#8243; _builder_version=&#8221;3.0.47&#8243; parallax=&#8221;off&#8221; parallax_method=&#8221;on&#8221;][et_pb_image src=&#8221;http:\/\/lodziarniaulubiona.pl\/wp-content\/uploads\/2018\/01\/19430089_722171874632290_4630323915873194533_n.jpg&#8221; _builder_version=&#8221;3.0.93&#8243;][\/et_pb_image][\/et_pb_column][et_pb_column type=&#8221;1_4&#8243; _builder_version=&#8221;3.0.47&#8243; parallax=&#8221;off&#8221; parallax_method=&#8221;on&#8221;][et_pb_image src=&#8221;http:\/\/lodziarniaulubiona.pl\/wp-content\/uploads\/2018\/01\/image1.jpeg&#8221; _builder_version=&#8221;3.0.93&#8243;][\/et_pb_image][\/et_pb_column][\/et_pb_row][\/et_pb_section]<\/p>\n","protected":false},"excerpt":{"rendered":"<p>[et_pb_section fb_built=&#8221;1&#8243; background_color=&#8221;#ffffff&#8221; _builder_version=&#8221;3.0.93&#8243;][et_pb_row background_color=&#8221;#ffffff&#8221; _builder_version=&#8221;3.0.93&#8243; background_size=&#8221;initial&#8221; background_position=&#8221;top_left&#8221; background_repeat=&#8221;repeat&#8221;][et_pb_column type=&#8221;4_4&#8243; _builder_version=&#8221;3.0.47&#8243; parallax=&#8221;off&#8221; parallax_method=&#8221;on&#8221;][et_pb_image src=&#8221;http:\/\/lodziarniaulubiona.pl\/wp-content\/uploads\/2018\/01\/szyld-nowy-napis.jpg&#8221; _builder_version=&#8221;3.0.93&#8243;][\/et_pb_image][\/et_pb_column][\/et_pb_row][et_pb_row custom_margin=&#8221;|||&#8221; padding_top_2=&#8221;20px&#8221; _builder_version=&#8221;3.0.93&#8243;][et_pb_column type=&#8221;1_3&#8243; _builder_version=&#8221;3.0.47&#8243; parallax=&#8221;off&#8221; parallax_method=&#8221;on&#8221;][et_pb_image src=&#8221;http:\/\/lodziarniaulubiona.pl\/wp-content\/uploads\/2018\/01\/LODY-IIA-pop_clipped_rev_1.png&#8221; _builder_version=&#8221;3.0.93&#8243; custom_margin=&#8221;30px|||&#8221;][\/et_pb_image][\/et_pb_column][et_pb_column type=&#8221;2_3&#8243; _builder_version=&#8221;3.0.47&#8243; padding_top=&#8221;20px&#8221; parallax=&#8221;off&#8221; parallax_method=&#8221;on&#8221;][et_pb_text background_layout=&#8221;dark&#8221; _builder_version=&#8221;3.0.93&#8243; text_font=&#8221;Comfortaa||||||||&#8221; text_font_size=&#8221;16px&#8221; text_text_color=&#8221;#000000&#8243;] Idealne lody musz\u0105 wi\u0105za\u0107 si\u0119 z u\u017cyciem najlepszych ale r\u00f3wnie\u017c oryginalnych sk\u0142adnik\u00f3w wed\u0142ug sztuki\u00a0prawdziwej i niepowtarzalnej cukierni. Produkt, kt\u00f3ry stworzyli\u015bmy [&hellip;]<\/p>\n","protected":false},"author":1,"featured_media":0,"parent":0,"menu_order":0,"comment_status":"closed","ping_status":"closed","template":"page-template-blank.php","meta":[],"_links":{"self":[{"href":"http:\/\/lodziarniaulubiona.pl\/index.php?rest_route=\/wp\/v2\/pages\/42"}],"collection":[{"href":"http:\/\/lodziarniaulubiona.pl\/index.php?rest_route=\/wp\/v2\/pages"}],"about":[{"href":"http:\/\/lodziarniaulubiona.pl\/index.php?rest_route=\/wp\/v2\/types\/page"}],"author":[{"embeddable":true,"href":"http:\/\/lodziarniaulubiona.pl\/index.php?rest_route=\/wp\/v2\/users\/1"}],"replies":[{"embeddable":true,"href":"http:\/\/lodziarniaulubiona.pl\/index.php?rest_route=%2Fwp%2Fv2%2Fcomments&post=42"}],"version-history":[{"count":273,"href":"http:\/\/lodziarniaulubiona.pl\/index.php?rest_route=\/wp\/v2\/pages\/42\/revisions"}],"predecessor-version":[{"id":529,"href":"http:\/\/lodziarniaulubiona.pl\/index.php?rest_route=\/wp\/v2\/pages\/42\/revisions\/529"}],"wp:attachment":[{"href":"http:\/\/lodziarniaulubiona.pl\/index.php?rest_route=%2Fwp%2Fv2%2Fmedia&parent=42"}],"curies":[{"name":"wp","href":"https:\/\/api.w.org\/{rel}","templated":true}]}}